{"id":25,"date":"2021-03-13T13:01:42","date_gmt":"2021-03-13T13:01:42","guid":{"rendered":"https:\/\/www.sarahs-schokoladen.at\/?page_id=25"},"modified":"2021-03-19T20:45:46","modified_gmt":"2021-03-19T20:45:46","slug":"etwas-suses","status":"publish","type":"page","link":"https:\/\/www.sarahs-schokoladen.at\/?page_id=25","title":{"rendered":"S\u00fc\u00dfes"},"content":{"rendered":"\n<div class=\"wp-block-columns is-layout-flex wp-container-core-columns-is-layout-9d6595d7 wp-block-columns-is-layout-flex\">\n<div class=\"wp-block-column is-layout-flow wp-block-column-is-layout-flow\" style=\"flex-basis:66.66%\">\n<h2 class=\"wp-block-heading\">T\u00fcrkischer Honig<\/h2>\n\n\n\n<p>Viele von euch kennen t\u00fcrkischen Honig noch von Jahrmarktst\u00e4nden.<\/p>\n\n\n\n<p>Besonders lecker wird mein t\u00fcrkischer Honig dadurch, dass sehr viele N\u00fcsse, Kerne und getrocknete Fr\u00fcchte drinnen sind. Dadurch ist er nicht nur weniger s\u00fc\u00df, sondern auch ganz sch\u00f6n bunt. Je nach Geschmack verwende ich Mandeln, Haseln\u00fcsse, Pistazien, getrocknete Cranberrys, Soft-Cranberrys und\/oder Soft-Kirschen.<\/p>\n\n\n\n<p>Weiters zeichnet sich mein t\u00fcrkischer Honig dadurch aus, dass er sehr weich ist, da er von mir frisch zubereitet wird.<\/p>\n\n\n\n<p>Den verarbeiteten Honig kaufe ich direkt bei den heimischen Imkern.<\/p>\n<\/div>\n\n\n\n<div class=\"wp-block-column is-layout-flow wp-block-column-is-layout-flow\" style=\"flex-basis:33.33%\"><\/div>\n<\/div>\n\n\n\n<p><\/p>\n","protected":false},"excerpt":{"rendered":"<p>T\u00fcrkischer Honig Viele von euch kennen t\u00fcrkischen Honig noch von Jahrmarktst\u00e4nden. Besonders lecker wird mein t\u00fcrkischer Honig dadurch, dass sehr viele N\u00fcsse, Kerne und getrocknete Fr\u00fcchte drinnen sind. Dadurch ist er nicht nur weniger s\u00fc\u00df, sondern auch ganz sch\u00f6n bunt. Je nach Geschmack verwende ich Mandeln, Haseln\u00fcsse, Pistazien, getrocknete Cranberrys, Soft-Cranberrys und\/oder Soft-Kirschen. Weiters zeichnet sich mein t\u00fcrkischer Honig dadurch aus, dass er sehr weich ist, da er von mir frisch zubereitet wird. Den verarbeiteten Honig kaufe ich direkt bei &hellip; <a href=\"https:\/\/www.sarahs-schokoladen.at\/?page_id=25\" class=\"more-link\">Continue reading<span class=\"screen-reader-text\"> &#8222;S\u00fc\u00dfes&#8220;<\/span><\/a><\/p>\n","protected":false},"author":1,"featured_media":0,"parent":0,"menu_order":0,"comment_status":"closed","ping_status":"closed","template":"","meta":{"footnotes":""},"class_list":["post-25","page","type-page","status-publish","hentry"],"_links":{"self":[{"href":"https:\/\/www.sarahs-schokoladen.at\/index.php?rest_route=\/wp\/v2\/pages\/25","targetHints":{"allow":["GET"]}}],"collection":[{"href":"https:\/\/www.sarahs-schokoladen.at\/index.php?rest_route=\/wp\/v2\/pages"}],"about":[{"href":"https:\/\/www.sarahs-schokoladen.at\/index.php?rest_route=\/wp\/v2\/types\/page"}],"author":[{"embeddable":true,"href":"https:\/\/www.sarahs-schokoladen.at\/index.php?rest_route=\/wp\/v2\/users\/1"}],"replies":[{"embeddable":true,"href":"https:\/\/www.sarahs-schokoladen.at\/index.php?rest_route=%2Fwp%2Fv2%2Fcomments&post=25"}],"version-history":[{"count":6,"href":"https:\/\/www.sarahs-schokoladen.at\/index.php?rest_route=\/wp\/v2\/pages\/25\/revisions"}],"predecessor-version":[{"id":131,"href":"https:\/\/www.sarahs-schokoladen.at\/index.php?rest_route=\/wp\/v2\/pages\/25\/revisions\/131"}],"wp:attachment":[{"href":"https:\/\/www.sarahs-schokoladen.at\/index.php?rest_route=%2Fwp%2Fv2%2Fmedia&parent=25"}],"curies":[{"name":"wp","href":"https:\/\/api.w.org\/{rel}","templated":true}]}}