{"id":12,"date":"2021-03-13T13:05:21","date_gmt":"2021-03-13T13:05:21","guid":{"rendered":"https:\/\/www.sarahs-schokoladen.at\/?page_id=12"},"modified":"2025-04-07T09:20:37","modified_gmt":"2025-04-07T07:20:37","slug":"verpackungen","status":"publish","type":"page","link":"https:\/\/www.sarahs-schokoladen.at\/?page_id=12","title":{"rendered":"Verpackungen"},"content":{"rendered":"\n<div class=\"wp-block-columns is-layout-flex wp-container-core-columns-is-layout-9d6595d7 wp-block-columns-is-layout-flex\">\n<div class=\"wp-block-column is-layout-flow wp-block-column-is-layout-flow\" style=\"flex-basis:66.66%\">\n<p>Pralinenschachteln gibt es bei mir mit je 3, 5, 10, 15 oder 24 St\u00fcck. Klassisch ist die Schachtel mit meiner Manschette versehen. Zu besonderen Anl\u00e4ssen oder als Firmengeschenke, k\u00f6nnen auch individuelle Manschetten gew\u00e4hlt werden.<\/p>\n\n\n\n<p>Tafelschokoladen sind derzeit in Zellglasbeutel verpackt. Mein Wunsch ist es jedoch die Verpackung hier weitestgehend auf Karton und Papier umzustellen.<\/p>\n\n\n\n<p>Meine Trinkschokolade-L\u00f6ffel sind zu je 2 St\u00fcck im Zellglasbeutel abgepackt. Gr\u00f6\u00dfere Mengen kann ich auch gerne in einem Schachterl verpacken.<\/p>\n\n\n\n<p>Die Osterhasen im Glas sind, wie der Name schon sagt in einem Schraubglas verpackt. Das ist nicht nur nachhaltig, sondern sieht noch dazu richtig edel aus. F\u00fcr all jene, die ihr Verpackungsglas nicht selbst f\u00fcrs Marmelade kochen etc. weiterverwenden, besteht die M\u00f6glichkeit es gegen einen Pfandeinsatz wieder an mich zu retournieren. Bei gr\u00f6\u00dferen Hasen-Bestellungen gibt es auch die M\u00f6glichkeit die Gl\u00e4ser in einem 6er-Karton zu verpacken, dies bedarf jedoch einer rechtzeitigen Bestellung.<\/p>\n\n\n\n<p><a href=\"https:\/\/www.sarahs-schokoladen.at\/wp-content\/uploads\/2021\/03\/IMG_20201123_190758-edited-1-scaled.jpg\"><\/a><\/p>\n<\/div>\n\n\n\n<div class=\"wp-block-column is-layout-flow wp-block-column-is-layout-flow\" style=\"flex-basis:33.33%\"><div class=\"wp-block-image\">\n<figure class=\"aligncenter size-large\"><a href=\"https:\/\/www.sarahs-schokoladen.at\/wp-content\/uploads\/2021\/03\/IMG_20201123_190758-edited-1-scaled.jpg\"><img loading=\"lazy\" decoding=\"async\" width=\"1024\" height=\"576\" src=\"https:\/\/www.sarahs-schokoladen.at\/wp-content\/uploads\/2021\/03\/IMG_20201123_190758-edited-1-1024x576.jpg\" alt=\"\" class=\"wp-image-143\" srcset=\"https:\/\/www.sarahs-schokoladen.at\/wp-content\/uploads\/2021\/03\/IMG_20201123_190758-edited-1-1024x576.jpg 1024w, https:\/\/www.sarahs-schokoladen.at\/wp-content\/uploads\/2021\/03\/IMG_20201123_190758-edited-1-300x169.jpg 300w, https:\/\/www.sarahs-schokoladen.at\/wp-content\/uploads\/2021\/03\/IMG_20201123_190758-edited-1-768x432.jpg 768w, https:\/\/www.sarahs-schokoladen.at\/wp-content\/uploads\/2021\/03\/IMG_20201123_190758-edited-1-1536x864.jpg 1536w, https:\/\/www.sarahs-schokoladen.at\/wp-content\/uploads\/2021\/03\/IMG_20201123_190758-edited-1-2048x1152.jpg 2048w, https:\/\/www.sarahs-schokoladen.at\/wp-content\/uploads\/2021\/03\/IMG_20201123_190758-edited-1-1200x675.jpg 1200w\" sizes=\"auto, (max-width: 709px) 85vw, (max-width: 909px) 67vw, (max-width: 1362px) 62vw, 840px\" \/><\/a><\/figure><\/div>\n\n<div class=\"wp-block-image is-style-default\">\n<figure class=\"aligncenter size-large\"><a href=\"https:\/\/www.sarahs-schokoladen.at\/wp-content\/uploads\/2021\/03\/IMG_20201124_171645-scaled-e1718608554978.jpg\"><img loading=\"lazy\" decoding=\"async\" width=\"930\" height=\"1024\" src=\"https:\/\/www.sarahs-schokoladen.at\/wp-content\/uploads\/2021\/03\/IMG_20201124_171645-scaled-e1718608554978-930x1024.jpg\" alt=\"\" class=\"wp-image-144\" style=\"aspect-ratio:3\/2;object-fit:cover\" srcset=\"https:\/\/www.sarahs-schokoladen.at\/wp-content\/uploads\/2021\/03\/IMG_20201124_171645-scaled-e1718608554978-930x1024.jpg 930w, https:\/\/www.sarahs-schokoladen.at\/wp-content\/uploads\/2021\/03\/IMG_20201124_171645-scaled-e1718608554978-273x300.jpg 273w, https:\/\/www.sarahs-schokoladen.at\/wp-content\/uploads\/2021\/03\/IMG_20201124_171645-scaled-e1718608554978-768x845.jpg 768w, https:\/\/www.sarahs-schokoladen.at\/wp-content\/uploads\/2021\/03\/IMG_20201124_171645-scaled-e1718608554978-1396x1536.jpg 1396w, https:\/\/www.sarahs-schokoladen.at\/wp-content\/uploads\/2021\/03\/IMG_20201124_171645-scaled-e1718608554978-1200x1321.jpg 1200w, https:\/\/www.sarahs-schokoladen.at\/wp-content\/uploads\/2021\/03\/IMG_20201124_171645-scaled-e1718608554978.jpg 1612w\" sizes=\"auto, (max-width: 709px) 85vw, (max-width: 909px) 67vw, (max-width: 1362px) 62vw, 840px\" \/><\/a><\/figure><\/div>\n\n\n<figure class=\"wp-block-image size-large\"><img loading=\"lazy\" decoding=\"async\" width=\"1024\" height=\"768\" src=\"https:\/\/www.sarahs-schokoladen.at\/wp-content\/uploads\/2024\/06\/IMG_20230228_192245-1024x768.jpg\" alt=\"\" class=\"wp-image-241\" srcset=\"https:\/\/www.sarahs-schokoladen.at\/wp-content\/uploads\/2024\/06\/IMG_20230228_192245-1024x768.jpg 1024w, https:\/\/www.sarahs-schokoladen.at\/wp-content\/uploads\/2024\/06\/IMG_20230228_192245-300x225.jpg 300w, https:\/\/www.sarahs-schokoladen.at\/wp-content\/uploads\/2024\/06\/IMG_20230228_192245-768x576.jpg 768w, https:\/\/www.sarahs-schokoladen.at\/wp-content\/uploads\/2024\/06\/IMG_20230228_192245-1536x1152.jpg 1536w, https:\/\/www.sarahs-schokoladen.at\/wp-content\/uploads\/2024\/06\/IMG_20230228_192245-2048x1536.jpg 2048w, https:\/\/www.sarahs-schokoladen.at\/wp-content\/uploads\/2024\/06\/IMG_20230228_192245-1200x900.jpg 1200w\" sizes=\"auto, (max-width: 709px) 85vw, (max-width: 909px) 67vw, (max-width: 1362px) 62vw, 840px\" \/><\/figure>\n\n\n<\/div>\n<\/div>\n\n\n\n<p><\/p>\n","protected":false},"excerpt":{"rendered":"<p>Pralinenschachteln gibt es bei mir mit je 3, 5, 10, 15 oder 24 St\u00fcck. Klassisch ist die Schachtel mit meiner Manschette versehen. Zu besonderen Anl\u00e4ssen oder als Firmengeschenke, k\u00f6nnen auch individuelle Manschetten gew\u00e4hlt werden. Tafelschokoladen sind derzeit in Zellglasbeutel verpackt. Mein Wunsch ist es jedoch die Verpackung hier weitestgehend auf Karton und Papier umzustellen. Meine Trinkschokolade-L\u00f6ffel sind zu je 2 St\u00fcck im Zellglasbeutel abgepackt. Gr\u00f6\u00dfere Mengen kann ich auch gerne in einem Schachterl verpacken. Die Osterhasen im Glas sind, wie &hellip; <a href=\"https:\/\/www.sarahs-schokoladen.at\/?page_id=12\" class=\"more-link\">Continue reading<span class=\"screen-reader-text\"> &#8222;Verpackungen&#8220;<\/span><\/a><\/p>\n","protected":false},"author":1,"featured_media":0,"parent":0,"menu_order":0,"comment_status":"closed","ping_status":"closed","template":"","meta":{"footnotes":""},"class_list":["post-12","page","type-page","status-publish","hentry"],"_links":{"self":[{"href":"https:\/\/www.sarahs-schokoladen.at\/index.php?rest_route=\/wp\/v2\/pages\/12","targetHints":{"allow":["GET"]}}],"collection":[{"href":"https:\/\/www.sarahs-schokoladen.at\/index.php?rest_route=\/wp\/v2\/pages"}],"about":[{"href":"https:\/\/www.sarahs-schokoladen.at\/index.php?rest_route=\/wp\/v2\/types\/page"}],"author":[{"embeddable":true,"href":"https:\/\/www.sarahs-schokoladen.at\/index.php?rest_route=\/wp\/v2\/users\/1"}],"replies":[{"embeddable":true,"href":"https:\/\/www.sarahs-schokoladen.at\/index.php?rest_route=%2Fwp%2Fv2%2Fcomments&post=12"}],"version-history":[{"count":18,"href":"https:\/\/www.sarahs-schokoladen.at\/index.php?rest_route=\/wp\/v2\/pages\/12\/revisions"}],"predecessor-version":[{"id":318,"href":"https:\/\/www.sarahs-schokoladen.at\/index.php?rest_route=\/wp\/v2\/pages\/12\/revisions\/318"}],"wp:attachment":[{"href":"https:\/\/www.sarahs-schokoladen.at\/index.php?rest_route=%2Fwp%2Fv2%2Fmedia&parent=12"}],"curies":[{"name":"wp","href":"https:\/\/api.w.org\/{rel}","templated":true}]}}