{"id":10,"date":"2021-03-13T13:04:21","date_gmt":"2021-03-13T13:04:21","guid":{"rendered":"https:\/\/www.sarahs-schokoladen.at\/?page_id=10"},"modified":"2024-06-17T12:34:11","modified_gmt":"2024-06-17T12:34:11","slug":"uber-mich","status":"publish","type":"page","link":"https:\/\/www.sarahs-schokoladen.at\/?page_id=10","title":{"rendered":"\u00dcber mich"},"content":{"rendered":"\r\n<div class=\"wp-block-columns is-layout-flex wp-container-core-columns-is-layout-9d6595d7 wp-block-columns-is-layout-flex\">\r\n<div class=\"wp-block-column\"><a href=\"https:\/\/www.sarahs-schokoladen.at\/wp-content\/uploads\/2023\/01\/DSC1084.jpg\"><img loading=\"lazy\" decoding=\"async\" class=\"alignright wp-image-171 size-medium\" src=\"https:\/\/www.sarahs-schokoladen.at\/wp-content\/uploads\/2023\/01\/DSC1084-225x300.jpg\" alt=\"\" width=\"225\" height=\"300\" srcset=\"https:\/\/www.sarahs-schokoladen.at\/wp-content\/uploads\/2023\/01\/DSC1084-225x300.jpg 225w, https:\/\/www.sarahs-schokoladen.at\/wp-content\/uploads\/2023\/01\/DSC1084.jpg 768w\" sizes=\"auto, (max-width: 225px) 85vw, 225px\" \/><\/a>\r\n<p>&nbsp;<\/p>\r\n<p>Mein Name ist Sarah Maier, ich komme aus Mureck in der sch\u00f6nen S\u00fcdsteiermark.<br \/>Meine Leidenschaft zur Verarbeitung von Schokolade habe ich bereits in der Schulzeit entdeckt. Daraufhin habe ich Schokolade und vor allem die Pralinenerzeugung zum Thema meiner fachspezifischen Themenstellung, also meiner Maturaarbeit gemacht.<br \/>Nach einigen Jahren in denen ich zuhause ge\u00fcbt, in einigen Firmen geschnuppert, verschiedene Techniken ausprobiert und mir diese angeeignet habe, entschloss ich mich den seltenen Beruf der Bonbon- und Konfektmacherin zu erlernen.\u00a02018 habe ich\u00a0meine Lehrabschlusspr\u00fcfung erfolgreich absolviert.<\/p>\r\n<\/div>\r\n<\/div>\r\n<div class=\"wp-block-columns\">\r\n<div class=\"wp-block-column\"><img loading=\"lazy\" decoding=\"async\" class=\"alignleft wp-image-214\" src=\"https:\/\/www.sarahs-schokoladen.at\/wp-content\/uploads\/2023\/12\/23MBV1935-scaled-e1703280610676-818x1024.jpg\" alt=\"\" width=\"400\" height=\"501\" srcset=\"https:\/\/www.sarahs-schokoladen.at\/wp-content\/uploads\/2023\/12\/23MBV1935-scaled-e1703280610676-818x1024.jpg 818w, https:\/\/www.sarahs-schokoladen.at\/wp-content\/uploads\/2023\/12\/23MBV1935-scaled-e1703280610676-240x300.jpg 240w, https:\/\/www.sarahs-schokoladen.at\/wp-content\/uploads\/2023\/12\/23MBV1935-scaled-e1703280610676-768x962.jpg 768w, https:\/\/www.sarahs-schokoladen.at\/wp-content\/uploads\/2023\/12\/23MBV1935-scaled-e1703280610676-1227x1536.jpg 1227w, https:\/\/www.sarahs-schokoladen.at\/wp-content\/uploads\/2023\/12\/23MBV1935-scaled-e1703280610676-1636x2048.jpg 1636w, https:\/\/www.sarahs-schokoladen.at\/wp-content\/uploads\/2023\/12\/23MBV1935-scaled-e1703280610676-1200x1502.jpg 1200w, https:\/\/www.sarahs-schokoladen.at\/wp-content\/uploads\/2023\/12\/23MBV1935-scaled-e1703280610676.jpg 1702w\" sizes=\"auto, (max-width: 400px) 85vw, 400px\" \/>\r\n<p>Nach wieder ein paar Jahren Pause des Lernens und der Fortbildung in Eigenregie habe ich 2021 mit der Meisterschule zur Konditormeister begonnen und konnte 2022 meine Meisterpr\u00fcfung abschlie\u00dfen.<\/p>\r\n<p>Als frisch gebackene Konditormeisterin freue ich mich darauf euch ab sofort mit meinen handgefertigten Pralinen und Schokoladen versorgen zu k\u00f6nnen und zu d\u00fcrfen. Durch die Ausbildung zur Konditormeisterin habe ich auch eine Freude an der Tortenb\u00e4ckerei gefunden. Gerne verw\u00f6hne ich euch auch auf Bestellung mit klassischen Aufschnitt-Torten oder T\u00f6rtchen, aber auch mit Torten f\u00fcr euren besonderen Anlass.<\/p>\r\n\n\t\t<style type=\"text\/css\">\n\t\t\t#gallery-1 {\n\t\t\t\tmargin: auto;\n\t\t\t}\n\t\t\t#gallery-1 .gallery-item {\n\t\t\t\tfloat: left;\n\t\t\t\tmargin-top: 10px;\n\t\t\t\ttext-align: center;\n\t\t\t\twidth: 20%;\n\t\t\t}\n\t\t\t#gallery-1 img {\n\t\t\t\tborder: 2px solid #cfcfcf;\n\t\t\t}\n\t\t\t#gallery-1 .gallery-caption {\n\t\t\t\tmargin-left: 0;\n\t\t\t}\n\t\t\t\/* see gallery_shortcode() in wp-includes\/media.php *\/\n\t\t<\/style>\n\t\t<div id='gallery-1' class='gallery galleryid-10 gallery-columns-5 gallery-size-thumbnail'><dl class='gallery-item'>\n\t\t\t<dt class='gallery-icon landscape'>\n\t\t\t\t<a href='https:\/\/www.sarahs-schokoladen.at\/?attachment_id=271'><img loading=\"lazy\" decoding=\"async\" width=\"150\" height=\"150\" src=\"https:\/\/www.sarahs-schokoladen.at\/wp-content\/uploads\/2024\/06\/IMG_20220925_135704-150x150.jpg\" class=\"attachment-thumbnail size-thumbnail\" alt=\"\" aria-describedby=\"gallery-1-271\" \/><\/a>\n\t\t\t<\/dt>\n\t\t\t\t<dd class='wp-caption-text gallery-caption' id='gallery-1-271'>\n\t\t\t\tBlumenbouquet\n\t\t\t\t<\/dd><\/dl><dl class='gallery-item'>\n\t\t\t<dt class='gallery-icon portrait'>\n\t\t\t\t<a href='https:\/\/www.sarahs-schokoladen.at\/?attachment_id=272'><img loading=\"lazy\" decoding=\"async\" width=\"150\" height=\"150\" src=\"https:\/\/www.sarahs-schokoladen.at\/wp-content\/uploads\/2024\/06\/IMG_20220925_135717-150x150.jpg\" class=\"attachment-thumbnail size-thumbnail\" alt=\"\" aria-describedby=\"gallery-1-272\" \/><\/a>\n\t\t\t<\/dt>\n\t\t\t\t<dd class='wp-caption-text gallery-caption' id='gallery-1-272'>\n\t\t\t\tPralinen\n\t\t\t\t<\/dd><\/dl><dl class='gallery-item'>\n\t\t\t<dt class='gallery-icon portrait'>\n\t\t\t\t<a href='https:\/\/www.sarahs-schokoladen.at\/?attachment_id=273'><img loading=\"lazy\" decoding=\"async\" width=\"150\" height=\"150\" src=\"https:\/\/www.sarahs-schokoladen.at\/wp-content\/uploads\/2024\/06\/IMG_20220925_135728-150x150.jpg\" class=\"attachment-thumbnail size-thumbnail\" alt=\"\" aria-describedby=\"gallery-1-273\" \/><\/a>\n\t\t\t<\/dt>\n\t\t\t\t<dd class='wp-caption-text gallery-caption' id='gallery-1-273'>\n\t\t\t\tPralinen\n\t\t\t\t<\/dd><\/dl>\n\t\t\t<br style='clear: both' \/>\n\t\t<\/div>\n\r\n\n\t\t<style type=\"text\/css\">\n\t\t\t#gallery-2 {\n\t\t\t\tmargin: auto;\n\t\t\t}\n\t\t\t#gallery-2 .gallery-item {\n\t\t\t\tfloat: left;\n\t\t\t\tmargin-top: 10px;\n\t\t\t\ttext-align: center;\n\t\t\t\twidth: 20%;\n\t\t\t}\n\t\t\t#gallery-2 img {\n\t\t\t\tborder: 2px solid #cfcfcf;\n\t\t\t}\n\t\t\t#gallery-2 .gallery-caption {\n\t\t\t\tmargin-left: 0;\n\t\t\t}\n\t\t\t\/* see gallery_shortcode() in wp-includes\/media.php *\/\n\t\t<\/style>\n\t\t<div id='gallery-2' class='gallery galleryid-10 gallery-columns-5 gallery-size-thumbnail'><dl class='gallery-item'>\n\t\t\t<dt class='gallery-icon landscape'>\n\t\t\t\t<a href='https:\/\/www.sarahs-schokoladen.at\/?attachment_id=274'><img loading=\"lazy\" decoding=\"async\" width=\"150\" height=\"150\" src=\"https:\/\/www.sarahs-schokoladen.at\/wp-content\/uploads\/2024\/06\/IMG_20220925_135734-150x150.jpg\" class=\"attachment-thumbnail size-thumbnail\" alt=\"\" aria-describedby=\"gallery-2-274\" \/><\/a>\n\t\t\t<\/dt>\n\t\t\t\t<dd class='wp-caption-text gallery-caption' id='gallery-2-274'>\n\t\t\t\tAnlasstorte\n\t\t\t\t<\/dd><\/dl><dl class='gallery-item'>\n\t\t\t<dt class='gallery-icon portrait'>\n\t\t\t\t<a href='https:\/\/www.sarahs-schokoladen.at\/?attachment_id=275'><img loading=\"lazy\" decoding=\"async\" width=\"150\" height=\"150\" src=\"https:\/\/www.sarahs-schokoladen.at\/wp-content\/uploads\/2024\/06\/IMG_20220925_135746-150x150.jpg\" class=\"attachment-thumbnail size-thumbnail\" alt=\"\" aria-describedby=\"gallery-2-275\" \/><\/a>\n\t\t\t<\/dt>\n\t\t\t\t<dd class='wp-caption-text gallery-caption' id='gallery-2-275'>\n\t\t\t\tSchoko-Schaust\u00fcck\n\t\t\t\t<\/dd><\/dl><dl class='gallery-item'>\n\t\t\t<dt class='gallery-icon landscape'>\n\t\t\t\t<a href='https:\/\/www.sarahs-schokoladen.at\/?attachment_id=276'><img loading=\"lazy\" decoding=\"async\" width=\"150\" height=\"150\" src=\"https:\/\/www.sarahs-schokoladen.at\/wp-content\/uploads\/2024\/06\/IMG_20220925_135754-150x150.jpg\" class=\"attachment-thumbnail size-thumbnail\" alt=\"\" aria-describedby=\"gallery-2-276\" \/><\/a>\n\t\t\t<\/dt>\n\t\t\t\t<dd class='wp-caption-text gallery-caption' id='gallery-2-276'>\n\t\t\t\tSt\u00fcckdessert\n\t\t\t\t<\/dd><\/dl><dl class='gallery-item'>\n\t\t\t<dt class='gallery-icon landscape'>\n\t\t\t\t<a href='https:\/\/www.sarahs-schokoladen.at\/?attachment_id=277'><img loading=\"lazy\" decoding=\"async\" width=\"150\" height=\"150\" src=\"https:\/\/www.sarahs-schokoladen.at\/wp-content\/uploads\/2024\/06\/IMG_20220925_135758-150x150.jpg\" class=\"attachment-thumbnail size-thumbnail\" alt=\"\" aria-describedby=\"gallery-2-277\" \/><\/a>\n\t\t\t<\/dt>\n\t\t\t\t<dd class='wp-caption-text gallery-caption' id='gallery-2-277'>\n\t\t\t\tSt\u00fcckdessert\n\t\t\t\t<\/dd><\/dl><dl class='gallery-item'>\n\t\t\t<dt class='gallery-icon landscape'>\n\t\t\t\t<a href='https:\/\/www.sarahs-schokoladen.at\/?attachment_id=278'><img loading=\"lazy\" decoding=\"async\" width=\"150\" height=\"150\" src=\"https:\/\/www.sarahs-schokoladen.at\/wp-content\/uploads\/2024\/06\/IMG_20220925_135803-150x150.jpg\" class=\"attachment-thumbnail size-thumbnail\" alt=\"\" aria-describedby=\"gallery-2-278\" \/><\/a>\n\t\t\t<\/dt>\n\t\t\t\t<dd class='wp-caption-text gallery-caption' id='gallery-2-278'>\n\t\t\t\tSt\u00fcckdessert\n\t\t\t\t<\/dd><\/dl><br style=\"clear: both\" \/><dl class='gallery-item'>\n\t\t\t<dt class='gallery-icon portrait'>\n\t\t\t\t<a href='https:\/\/www.sarahs-schokoladen.at\/?attachment_id=279'><img loading=\"lazy\" decoding=\"async\" width=\"150\" height=\"150\" src=\"https:\/\/www.sarahs-schokoladen.at\/wp-content\/uploads\/2024\/06\/IMG_20220925_135847-150x150.jpg\" class=\"attachment-thumbnail size-thumbnail\" alt=\"\" aria-describedby=\"gallery-2-279\" \/><\/a>\n\t\t\t<\/dt>\n\t\t\t\t<dd class='wp-caption-text gallery-caption' id='gallery-2-279'>\n\t\t\t\tTeegeb\u00e4ck\n\t\t\t\t<\/dd><\/dl><dl class='gallery-item'>\n\t\t\t<dt class='gallery-icon portrait'>\n\t\t\t\t<a href='https:\/\/www.sarahs-schokoladen.at\/?attachment_id=281'><img loading=\"lazy\" decoding=\"async\" width=\"150\" height=\"150\" src=\"https:\/\/www.sarahs-schokoladen.at\/wp-content\/uploads\/2024\/06\/IMG_20220925_1614361-150x150.jpg\" class=\"attachment-thumbnail size-thumbnail\" alt=\"\" \/><\/a>\n\t\t\t<\/dt><\/dl><dl class='gallery-item'>\n\t\t\t<dt class='gallery-icon landscape'>\n\t\t\t\t<a href='https:\/\/www.sarahs-schokoladen.at\/?attachment_id=280'><img loading=\"lazy\" decoding=\"async\" width=\"150\" height=\"150\" src=\"https:\/\/www.sarahs-schokoladen.at\/wp-content\/uploads\/2024\/06\/IMG_20220925_135939-150x150.jpg\" class=\"attachment-thumbnail size-thumbnail\" alt=\"\" aria-describedby=\"gallery-2-280\" \/><\/a>\n\t\t\t<\/dt>\n\t\t\t\t<dd class='wp-caption-text gallery-caption' id='gallery-2-280'>\n\t\t\t\tMein Meistertisch zum Thema &#8222;Love&#8220;\n\t\t\t\t<\/dd><\/dl>\n\t\t\t<br style='clear: both' \/>\n\t\t<\/div>\n\r\n<\/div>\r\n<\/div>\r\n<p><\/p>","protected":false},"excerpt":{"rendered":"<p>&nbsp; Mein Name ist Sarah Maier, ich komme aus Mureck in der sch\u00f6nen S\u00fcdsteiermark.Meine Leidenschaft zur Verarbeitung von Schokolade habe ich bereits in der Schulzeit entdeckt. Daraufhin habe ich Schokolade und vor allem die Pralinenerzeugung zum Thema meiner fachspezifischen Themenstellung, also meiner Maturaarbeit gemacht.Nach einigen Jahren in denen ich zuhause ge\u00fcbt, in einigen Firmen geschnuppert, verschiedene Techniken ausprobiert und mir diese angeeignet habe, entschloss ich mich den seltenen Beruf der Bonbon- und Konfektmacherin zu erlernen.\u00a02018 habe ich\u00a0meine Lehrabschlusspr\u00fcfung erfolgreich absolviert. &hellip; <a href=\"https:\/\/www.sarahs-schokoladen.at\/?page_id=10\" class=\"more-link\">Continue reading<span class=\"screen-reader-text\"> &#8222;\u00dcber mich&#8220;<\/span><\/a><\/p>\n","protected":false},"author":1,"featured_media":0,"parent":0,"menu_order":0,"comment_status":"closed","ping_status":"closed","template":"","meta":{"footnotes":""},"class_list":["post-10","page","type-page","status-publish","hentry"],"_links":{"self":[{"href":"https:\/\/www.sarahs-schokoladen.at\/index.php?rest_route=\/wp\/v2\/pages\/10","targetHints":{"allow":["GET"]}}],"collection":[{"href":"https:\/\/www.sarahs-schokoladen.at\/index.php?rest_route=\/wp\/v2\/pages"}],"about":[{"href":"https:\/\/www.sarahs-schokoladen.at\/index.php?rest_route=\/wp\/v2\/types\/page"}],"author":[{"embeddable":true,"href":"https:\/\/www.sarahs-schokoladen.at\/index.php?rest_route=\/wp\/v2\/users\/1"}],"replies":[{"embeddable":true,"href":"https:\/\/www.sarahs-schokoladen.at\/index.php?rest_route=%2Fwp%2Fv2%2Fcomments&post=10"}],"version-history":[{"count":20,"href":"https:\/\/www.sarahs-schokoladen.at\/index.php?rest_route=\/wp\/v2\/pages\/10\/revisions"}],"predecessor-version":[{"id":322,"href":"https:\/\/www.sarahs-schokoladen.at\/index.php?rest_route=\/wp\/v2\/pages\/10\/revisions\/322"}],"wp:attachment":[{"href":"https:\/\/www.sarahs-schokoladen.at\/index.php?rest_route=%2Fwp%2Fv2%2Fmedia&parent=10"}],"curies":[{"name":"wp","href":"https:\/\/api.w.org\/{rel}","templated":true}]}}